{"id":140,"date":"2021-02-07T12:24:56","date_gmt":"2021-02-07T12:24:56","guid":{"rendered":"http:\/\/forms.sfgv.ch\/?page_id=140"},"modified":"2026-03-31T09:50:00","modified_gmt":"2026-03-31T09:50:00","slug":"inscription-comme-membre-dans-les-federationsuisse-des-centres-fitness-et-de-sante-fscfs","status":"publish","type":"page","link":"https:\/\/forms.sfgv.ch\/fr\/inscription-comme-membre-dans-les-federationsuisse-des-centres-fitness-et-de-sante-fscfs\/","title":{"rendered":"Inscription comme membre dans les F\u00e9d\u00e9ration Suisse des Centres Fitness et de Sant\u00e9 FSCFS"},"content":{"rendered":"\n<p><a href=\"https:\/\/forms.sfgv.ch\/fr\/formulaire-dinscription\/\"><strong>Cliquez ici pour acc\u00e9der au nouveau formulaire \u00bb<\/strong><\/a><\/p>\n","protected":false},"excerpt":{"rendered":"<p>Cliquez ici pour acc\u00e9der au nouveau formulaire \u00bb<\/p>\n","protected":false},"author":1,"featured_media":0,"parent":0,"menu_order":0,"comment_status":"closed","ping_status":"closed","template":"","meta":{"neve_meta_sidebar":"full-width","neve_meta_container":"","neve_meta_enable_content_width":"on","neve_meta_content_width":100,"neve_meta_title_alignment":"","neve_meta_author_avatar":"","neve_post_elements_order":"","neve_meta_disable_header":"","neve_meta_disable_footer":"","neve_meta_disable_title":"","footnotes":""},"class_list":["post-140","page","type-page","status-publish","hentry"],"_links":{"self":[{"href":"https:\/\/forms.sfgv.ch\/fr\/wp-json\/wp\/v2\/pages\/140","targetHints":{"allow":["GET"]}}],"collection":[{"href":"https:\/\/forms.sfgv.ch\/fr\/wp-json\/wp\/v2\/pages"}],"about":[{"href":"https:\/\/forms.sfgv.ch\/fr\/wp-json\/wp\/v2\/types\/page"}],"author":[{"embeddable":true,"href":"https:\/\/forms.sfgv.ch\/fr\/wp-json\/wp\/v2\/users\/1"}],"replies":[{"embeddable":true,"href":"https:\/\/forms.sfgv.ch\/fr\/wp-json\/wp\/v2\/comments?post=140"}],"version-history":[{"count":3,"href":"https:\/\/forms.sfgv.ch\/fr\/wp-json\/wp\/v2\/pages\/140\/revisions"}],"predecessor-version":[{"id":946,"href":"https:\/\/forms.sfgv.ch\/fr\/wp-json\/wp\/v2\/pages\/140\/revisions\/946"}],"wp:attachment":[{"href":"https:\/\/forms.sfgv.ch\/fr\/wp-json\/wp\/v2\/media?parent=140"}],"curies":[{"name":"wp","href":"https:\/\/api.w.org\/{rel}","templated":true}]}}